{"id":297,"date":"2014-01-03T18:32:34","date_gmt":"2014-01-03T18:32:34","guid":{"rendered":"http:\/\/perlaitaliano.com.ar\/?page_id=297"},"modified":"2022-10-06T12:12:26","modified_gmt":"2022-10-06T15:12:26","slug":"almagro-nuestro-barrio","status":"publish","type":"page","link":"http:\/\/perlaitaliano.com.ar\/?page_id=297","title":{"rendered":"Nuestro barrio"},"content":{"rendered":"<p style=\"text-align: center;\"><strong>Actualmente conocemos a este barrio como uno de los m\u00e1s tradicionales de la Ciudad, cuna del tango y con<\/strong><strong>&nbsp;los t\u00edpicos caf\u00e9s porte\u00f1os. Por sus calles y bares transitaron muchos de los grandes maestros del tango. Almagro tiene el privilegio de ser el primer escenario que escuch\u00f3 cantar al inolvidable <\/strong><\/p>\n<p style=\"text-align: center;\"><strong>Carlitos Gardel.<br \/>\n<\/strong><\/p>\n<p align=\"center\"><strong><img loading=\"lazy\" decoding=\"async\" class=\"wp-image-307 aligncenter\" src=\"http:\/\/perlaitaliano.com.ar\/wp-content\/uploads\/2014\/01\/deptoalmagro1.jpg\" alt=\"deptoalmagro1\" width=\"150\" height=\"112\"><br \/>\n<\/strong><span style=\"color: #993300;\"><strong> P<\/strong><\/span><strong><span style=\"color: #993300;\">laza Almagro,&nbsp;a 4 cuadras del edificio<\/span>:<\/strong> A pesar de ser un barrio amplio cuenta con una sola plaza que lleva su nombre y se encuentra circundada por las calles Salguero, Sarmiento, Bulnes y Tte. Gral. J. D. Per\u00f3n. Sobre la calle Sarmiento hay mesas y asientos de cemento con juegos de entretenimientos reservados para el Centro de Jubilados y Pensionados Amigos de la Plaza de Almagro, fundado en 1993.<\/p>\n<p align=\"center\"><img loading=\"lazy\" decoding=\"async\" class=\"aligncenter size-full wp-image-1114\" src=\"http:\/\/perlaitaliano.com.ar\/wp-content\/uploads\/2017\/10\/depto-alquiler-cerca-parque-centenario.jpg\" alt=\"depto-alquiler-cerca-parque-centenario\" width=\"200\" height=\"134\"><\/p>\n<p style=\"text-align: center;\"><span style=\"color: #993300;\"><strong>P<\/strong><\/span><strong><span style=\"color: #993300;\">arque Centenario, a 4 cuadras del edificio<\/span>:<\/strong> Puede visitar el lago poblado de patos, de peces y de tortugas y suelen realizarse espect\u00e1culos musicales. Tambi\u00e9n hay diferentes monumentos, esculturas y una fuente. El Parque Centenario tiene sectores de juegos infantiles y una pista de skate para el disfrute de los aficionados a este deporte.<\/p>\n<p style=\"text-align: center;\"><strong><span style=\"color: #339966;\">Museo de Ciencias Naturales Bernardino Rivadavia (CONICET) en Avda. \u00c1ngel Gallardo 490<\/span><\/strong>.<\/p>\n<p style=\"text-align: center;\">Consulte d\u00edas y horarios de visita.<\/p>\n<p style=\"text-align: center;\">En los alrededores del Parque Centenario funciona cada fin de semana una importante feria donde se ofrecen los m\u00e1s diversos productos entre los que se destacan libros y artesan\u00edas.<\/p>\n<p align=\"center\"><img loading=\"lazy\" decoding=\"async\" class=\"aligncenter size-full wp-image-317\" src=\"http:\/\/perlaitaliano.com.ar\/wp-content\/uploads\/2014\/01\/deptoalmagro4.jpg\" alt=\"deptoalmagro4\" width=\"200\" height=\"150\"><br \/>\nLa emblem\u00e1tica&nbsp;<span style=\"color: #993300;\"><strong>Confiter\u00eda Las Violetas<\/strong><\/span>, fundada en el a\u00f1o 1884, se encuentra en la esquina de las Avenidas Rivadavia y Medrano, en el barrio Almagro de Buenos Aires; en \u00e9sta se mantiene la atm\u00f3sfera de anta\u00f1o. \u00a1Excelente atenci\u00f3n y reposter\u00eda exquisita!<\/p>\n<p align=\"center\"><img loading=\"lazy\" decoding=\"async\" class=\"aligncenter size-full wp-image-324\" src=\"http:\/\/perlaitaliano.com.ar\/wp-content\/uploads\/2014\/01\/deptoalmagro7.jpg\" alt=\"deptoalmagro7\" width=\"200\" height=\"150\"><br \/>\nEn Guardia Vieja 4049, dentro del barrio Almagro, Buenos Aires, est\u00e1 la <span style=\"color: #993300;\"><strong>Fundaci\u00f3n Casa del Tango<\/strong><\/span>, que cuenta con un museo, una biblioteca, una sala de video, aulas de ense\u00f1anza y una confiter\u00eda bailable. En el barrio funciona tambi\u00e9n el <strong><span style=\"color: #993300;\">Centro Educativo del Tango de Buenos Aires (Universidad del Tango)<\/span>, <\/strong>Agrelo 3231.<\/p>\n<p style=\"text-align: center;\"><img loading=\"lazy\" decoding=\"async\" class=\"aligncenter size-full wp-image-321\" src=\"http:\/\/perlaitaliano.com.ar\/wp-content\/uploads\/2014\/01\/deptoalmagro6.jpg\" alt=\"deptoalmagro6\" width=\"200\" height=\"207\"><\/p>\n<p align=\"center\">L\u00edneas <strong><span style=\"color: #993300;\">B<\/span> y <span style=\"color: #993300;\">A<\/span> del subte<\/strong> circulan por el barrio de Almagro, pasando por Medrano y Corrientes; Rivadavia y Castro Barros respectivamente.<\/p>\n<h5 align=\"center\"><strong><span style=\"color: #993300;\">Supermercados cercanos<\/span>: &nbsp;Carrefour, Disco, Coto (env\u00edos a domicilio), Jumbo, Vea y D\u00eda.<\/strong><\/h5>\n<p style=\"text-align: center;\"><strong><span style=\"color: #993300;\">Para saber c\u00f3mo viajar por la ciudad y conurbano consulte el sitio:<\/span><\/strong><\/p>\n<p style=\"text-align: center;\"><a href=\"http:\/\/mapa.buenosaires.gov.ar\/comollego\/\" target=\"_blank\" rel=\"noopener noreferrer\"><strong>http:\/\/mapa.buenosaires.gov.ar\/comollego\/<\/strong><\/a><\/p>\n<p style=\"text-align: center;\">\n","protected":false},"excerpt":{"rendered":"<p>Actualmente conocemos a este barrio como uno de los m\u00e1s tradicionales de la Ciudad, cuna del tango y con&nbsp;los t\u00edpicos caf\u00e9s porte\u00f1os. Por sus calles y bares transitaron muchos de los grandes maestros del tango. Almagro tiene el privilegio de ser el primer escenario que escuch\u00f3 cantar al inolvidable Carlitos Gardel. Plaza Almagro,&nbsp;a 4 cuadras [&hellip;]<\/p>\n","protected":false},"author":1,"featured_media":0,"parent":0,"menu_order":0,"comment_status":"closed","ping_status":"closed","template":"","meta":{"footnotes":""},"aioseo_notices":[],"_links":{"self":[{"href":"http:\/\/perlaitaliano.com.ar\/index.php?rest_route=\/wp\/v2\/pages\/297"}],"collection":[{"href":"http:\/\/perlaitaliano.com.ar\/index.php?rest_route=\/wp\/v2\/pages"}],"about":[{"href":"http:\/\/perlaitaliano.com.ar\/index.php?rest_route=\/wp\/v2\/types\/page"}],"author":[{"embeddable":true,"href":"http:\/\/perlaitaliano.com.ar\/index.php?rest_route=\/wp\/v2\/users\/1"}],"replies":[{"embeddable":true,"href":"http:\/\/perlaitaliano.com.ar\/index.php?rest_route=%2Fwp%2Fv2%2Fcomments&post=297"}],"version-history":[{"count":58,"href":"http:\/\/perlaitaliano.com.ar\/index.php?rest_route=\/wp\/v2\/pages\/297\/revisions"}],"predecessor-version":[{"id":1523,"href":"http:\/\/perlaitaliano.com.ar\/index.php?rest_route=\/wp\/v2\/pages\/297\/revisions\/1523"}],"wp:attachment":[{"href":"http:\/\/perlaitaliano.com.ar\/index.php?rest_route=%2Fwp%2Fv2%2Fmedia&parent=297"}],"curies":[{"name":"wp","href":"https:\/\/api.w.org\/{rel}","templated":true}]}}