{"id":12,"date":"2013-12-23T16:15:37","date_gmt":"2013-12-23T16:15:37","guid":{"rendered":"http:\/\/perlaitaliano.com.ar\/?page_id=12"},"modified":"2026-02-27T12:43:37","modified_gmt":"2026-02-27T15:43:37","slug":"tarifas","status":"publish","type":"page","link":"https:\/\/perlaitaliano.com.ar\/?page_id=12","title":{"rendered":"Tarifas"},"content":{"rendered":"\n<p><\/p>\n\n\n<h3 style=\"text-align: center;\">\u00a0 \u00a0 \u00a0 \u00a0 \u00a0 <strong>Tarifas v\u00e1lidas hasta abril inclusive<\/strong><\/h3>\n<h3 style=\"text-align: center;\"><span style=\"color: #003300;\"><strong>Alquiler Depto. de 2 ambientes, <\/strong><\/span><span style=\"color: #003300;\"><strong>hasta 3 personas<\/strong><\/span><\/h3>\n<h3 style=\"text-align: center;\"><span style=\"color: #993300;\">Estad\u00eda m\u00ednima 7 d\u00edas<\/span><\/h3>\n<p style=\"text-align: center;\"><img loading=\"lazy\" decoding=\"async\" class=\"size-medium wp-image-1225 aligncenter\" src=\"http:\/\/perlaitaliano.com.ar\/wp-content\/uploads\/2018\/06\/departamento-amueblado-hospitalitaliano-temporal-300x227.jpg\" alt=\"\" width=\"300\" height=\"227\" srcset=\"https:\/\/perlaitaliano.com.ar\/wp-content\/uploads\/2018\/06\/departamento-amueblado-hospitalitaliano-temporal-300x227.jpg 300w, https:\/\/perlaitaliano.com.ar\/wp-content\/uploads\/2018\/06\/departamento-amueblado-hospitalitaliano-temporal.jpg 330w\" sizes=\"(max-width: 300px) 100vw, 300px\" \/><\/p>\n<p style=\"text-align: center;\"><span style=\"color: #993300;\"><strong><em>Pacientes de los Hospitales Italiano, Hospital Naval y Sanatorio <b><i>G\u00fcemes<\/i><\/b><\/em><\/strong><\/span><\/p>\n<h4 style=\"text-align: center;\"><strong>De 1 a 7 d\u00edas: $90.000 por d\u00eda<\/strong><\/h4>\n<h4 style=\"text-align: center;\"><strong>\u00a0 De 8 a 14 d\u00edas: $75.00 por d\u00eda<\/strong><\/h4>\n<h4 style=\"text-align: center;\"><strong>De 15 a 21 d\u00edas: $65.000 por d\u00eda<\/strong><\/h4>\n<h4 style=\"text-align: center;\"><strong>De 22 d\u00edas a 30 d\u00edas: $50.000 por d\u00eda<\/strong><\/h4>\n<h4 style=\"text-align: center;\"><strong><span style=\"color: #008000;\">Por d\u00edas S\u00e1bados, Domingos y Feriados consultar previamente el costo adicional.<\/span><\/strong><\/h4>\n<p style=\"text-align: center;\">(Montos sujetos a cambios)<\/p>\n<p style=\"text-align: center;\">\u00a0Se puede abonar en USD.<\/p>\n<p style=\"text-align: center;\"><a class=\"readmore\" title=\"Contacto y Reservas\" href=\"http:\/\/perlaitaliano.com.ar\/?page_id=566\">Reservar aqu\u00ed<\/a><\/p>\n<h3 style=\"text-align: center;\"><span style=\"color: #003300;\"><strong>Alquiler d\u00faplex de 3 ambientes y escritorio,<\/strong><\/span><\/h3>\n<h3 style=\"text-align: center;\"><span style=\"color: #003300;\"><strong> hasta 5 personas<\/strong><\/span><\/h3>\n<h3 style=\"text-align: center;\"><strong><span style=\"color: #993300;\">Estad\u00eda m\u00ednima 7 d\u00edas<\/span><\/strong><\/h3>\n<h2 style=\"text-align: center;\"><strong><em><img loading=\"lazy\" decoding=\"async\" class=\"aligncenter size-medium wp-image-1028\" src=\"http:\/\/perlaitaliano.com.ar\/wp-content\/uploads\/2017\/09\/P1010459-300x225.jpg\" alt=\"\" width=\"300\" height=\"225\" srcset=\"https:\/\/perlaitaliano.com.ar\/wp-content\/uploads\/2017\/09\/P1010459-300x225.jpg 300w, https:\/\/perlaitaliano.com.ar\/wp-content\/uploads\/2017\/09\/P1010459-768x576.jpg 768w, https:\/\/perlaitaliano.com.ar\/wp-content\/uploads\/2017\/09\/P1010459-1024x768.jpg 1024w\" sizes=\"(max-width: 300px) 100vw, 300px\" \/><\/em><\/strong><\/h2>\n<p style=\"text-align: center;\"><span style=\"color: #993300;\"><strong><em>Pacientes de los Hospitales Italiano Hospital Naval y Sanatorio <\/em><\/strong><\/span><span style=\"color: #993300;\"><b><i>G\u00fcemes<\/i><\/b><\/span><\/p>\n<p style=\"text-align: center;\"><strong>De 1 a 7 d\u00edas: $120.000 por d\u00eda<\/strong><\/p>\n<p style=\"text-align: center;\"><strong>\u00a0 De 8 a 14 d\u00edas: $90.000 por d\u00eda<\/strong><\/p>\n<p style=\"text-align: center;\"><strong>De 15 a 21 d\u00edas: $75.000 por d\u00eda<\/strong><\/p>\n<p style=\"text-align: center;\"><strong>De 22 d\u00edas a 30 d\u00edas: $65.000 por d\u00eda<\/strong><\/p>\n<p style=\"text-align: center;\"><span style=\"color: #008000;\"><strong>Por d\u00edas S\u00e1bados, Domingos y Feriados consultar previamente el costo adicional.<\/strong><\/span><\/p>\n<p style=\"text-align: center;\">(Montos sujetos a cambios)<\/p>\n<p>\u00a0 \u00a0 \u00a0 \u00a0 \u00a0 \u00a0 \u00a0 \u00a0 \u00a0 \u00a0 \u00a0 \u00a0 \u00a0 \u00a0 \u00a0 \u00a0 \u00a0 \u00a0 \u00a0 \u00a0 \u00a0 \u00a0 \u00a0 \u00a0 \u00a0 \u00a0 \u00a0 \u00a0 \u00a0 \u00a0 \u00a0 \u00a0 Se puede abonar en USD.-<\/p>\n<h6><span style=\"color: #ffcc00;\"><strong>\u00a0 \u00a0 \u00a0 \u00a0 \u00a0 \u00a0 \u00a0 \u00a0 \u00a0 \u00a0 \u00a0 \u00a0 \u00a0 \u00a0 \u00a0 \u00a0 \u00a0 \u00a0 \u00a0 \u00a0 \u00a0 \u00a0 \u00a0 \u00a0 \u00a0 \u00a0 \u00a0 \u00a0 \u00a0 \u00a0 \u00a0 \u00a0 \u00a0 \u00a0 \u00a0 \u00a0 \u00a0 \u00a0 \u00a0 \u00a0 \u00a0 \u00a0 \u00a0 \u00a0 \u00a0 \u00a0 \u00a0 \u00a0 \u00a0 \u00a0 \u00a0 \u00a0 \u00a0 \u00a0 \u00a0 \u00a0 \u00a0 \u00a0 \u00a03184 8561<\/strong><\/span><\/h6>\n<p><span style=\"color: #003300;\"><b>\u00a0 \u00a0 \u00a0 \u00a0 \u00a0 \u00a0 \u00a0 \u00a0 \u00a0 \u00a0 \u00a0 \u00a0 \u00a0 \u00a0 \u00a0 \u00a0 \u00a0 \u00a0 \u00a0 \u00a0 \u00a0 \u00a0 \u00a0 \u00a0 \u00a0 <\/b><\/span><strong>\u00a0 \u00a0 \u00a0 \u00a0 \u00a0 \u00a0 \u00a0<\/strong><strong>\u00a0 \u00a0 \u00a0 \u00a0 \u00a0 \u00a0 <\/strong><a class=\"readmore\" title=\"Contacto y Reservas\" href=\"http:\/\/perlaitaliano.com.ar\/?page_id=566\">Reservar aqu\u00ed<\/a><span style=\"color: #003300;\"><strong>\u00a0<\/strong><\/span><\/p>\n<p style=\"text-align: center;\"><strong>Para convertir nuestros costos a su moneda visite:<\/strong><br \/><a href=\"http:\/\/www.xe.com\/es\/currencytables\">www.xe.com\/es\/currencytables<\/a><\/p>\n<table width=\"100%\" cellspacing=\"5\" cellpadding=\"20\" align=\"center\">\n<tbody>\n<tr>\n<td><a href=\"http:\/\/perlaitaliano.com.ar\/?page_id=986\"><span style=\"color: #000000;\"><img loading=\"lazy\" decoding=\"async\" src=\"http:\/\/perlaitaliano.com.ar\/wp-content\/uploads\/2017\/03\/departamentos-almagro.jpg\" width=\"230\" height=\"123\" \/><\/span><\/a><\/td>\n<td><a href=\"http:\/\/perlaitaliano.com.ar\/?page_id=986\"><span style=\"color: #000000;\"><img loading=\"lazy\" decoding=\"async\" src=\"http:\/\/perlaitaliano.com.ar\/wp-content\/uploads\/2017\/03\/departamentos-almagro.jpg\" width=\"230\" height=\"123\" \/><\/span><\/a><\/td>\n<\/tr>\n<\/tbody>\n<\/table>","protected":false},"excerpt":{"rendered":"<p>\u00a0 \u00a0 \u00a0 \u00a0 \u00a0 Tarifas v\u00e1lidas hasta abril inclusive Alquiler Depto. de 2 ambientes, hasta 3 personas Estad\u00eda m\u00ednima 7 d\u00edas Pacientes de los Hospitales Italiano, Hospital Naval y Sanatorio G\u00fcemes De 1 a 7 d\u00edas: $90.000 por d\u00eda \u00a0 De 8 a 14 d\u00edas: $75.00 por d\u00eda De 15 a 21 d\u00edas: $65.000 [&hellip;]<\/p>\n","protected":false},"author":1,"featured_media":0,"parent":0,"menu_order":0,"comment_status":"closed","ping_status":"closed","template":"","meta":{"footnotes":""},"aioseo_notices":[],"_links":{"self":[{"href":"https:\/\/perlaitaliano.com.ar\/index.php?rest_route=\/wp\/v2\/pages\/12"}],"collection":[{"href":"https:\/\/perlaitaliano.com.ar\/index.php?rest_route=\/wp\/v2\/pages"}],"about":[{"href":"https:\/\/perlaitaliano.com.ar\/index.php?rest_route=\/wp\/v2\/types\/page"}],"author":[{"embeddable":true,"href":"https:\/\/perlaitaliano.com.ar\/index.php?rest_route=\/wp\/v2\/users\/1"}],"replies":[{"embeddable":true,"href":"https:\/\/perlaitaliano.com.ar\/index.php?rest_route=%2Fwp%2Fv2%2Fcomments&post=12"}],"version-history":[{"count":319,"href":"https:\/\/perlaitaliano.com.ar\/index.php?rest_route=\/wp\/v2\/pages\/12\/revisions"}],"predecessor-version":[{"id":1666,"href":"https:\/\/perlaitaliano.com.ar\/index.php?rest_route=\/wp\/v2\/pages\/12\/revisions\/1666"}],"wp:attachment":[{"href":"https:\/\/perlaitaliano.com.ar\/index.php?rest_route=%2Fwp%2Fv2%2Fmedia&parent=12"}],"curies":[{"name":"wp","href":"https:\/\/api.w.org\/{rel}","templated":true}]}}