{"id":16,"date":"2013-12-23T18:14:07","date_gmt":"2013-12-23T18:14:07","guid":{"rendered":"http:\/\/perlaitaliano.com.ar\/?page_id=16"},"modified":"2023-06-11T08:10:14","modified_gmt":"2023-06-11T11:10:14","slug":"bienvenidos","status":"publish","type":"page","link":"https:\/\/perlaitaliano.com.ar\/","title":{"rendered":"Inicio"},"content":{"rendered":"<h1 style=\"text-align: center;\"><span style=\"color: #800000;\">&nbsp;Bienvenidos a PERLA ITALIANO<\/span><\/h1>\n<h1 style=\"text-align: center;\"><span style=\"color: #008000;\">Due\u00f1o alquila<\/span><\/h1>\n<h2 style=\"text-align: center;\"><span style=\"color: #993300;\"><strong>Alquileres temporarios en Almagro<\/strong><\/span><\/h2>\n<p><strong>En este sitio Ud. podr\u00e1 encontrar dos opciones de alojamiento temporario en el tradicional <span style=\"color: #008000;\">barrio de Almagro<\/span> de la Ciudad Aut\u00f3noma de Buenos Aires, justo enfrente a la nueva entrada principal del Hospital Italiano de Buenos Aires (sito en la calle TTe. Gral. J. D. Per\u00f3n al 4190, entre Gasc\u00f3n y Palestina).<br \/>\n<\/strong><br \/>\nLos apartamentos, vastamente equipados con toda la calidez y el confort de la vida moderna,&nbsp; auguran una saludable estad\u00eda a sus hu\u00e9spedes.<\/p>\n<p>Los datos publicados de cada inmueble, brindan la informaci\u00f3n necesaria para que realice su elecci\u00f3n y consulta de presupuesto. No obstante, le sugerimos que lea cuidadosamente la p\u00e1gina para informarse adecuadamente sobre las \u00ab<span style=\"color: #993300;\"><strong>Disponibilidades<\/strong><\/span>\u00ab, \u00ab<span style=\"color: #993300;\"><strong>Tarifas<\/strong><\/span>\u00bb y \u00ab<strong><span style=\"color: #993300;\">Condiciones del alquiler<\/span><\/strong>\u00bb de los departamentos <strong><span style=\"color: #333300;\">antes<\/span><\/strong> de escribirnos y completar el Formulario que se despliega haciendo \u00abclic\u00bb en&nbsp; \u00ab<strong><span style=\"color: #993300;\">Contacto\/Reservas<\/span><\/strong>\u00ab.<\/p>\n<p>Toda la informaci\u00f3n se brinda detalladamente en esta p\u00e1gina y <span style=\"color: #993300;\"><span style=\"color: #000000;\">para<\/span> <strong>solicitar presupuesto<\/strong> <\/span>&nbsp;u otros detalles,<strong><span style=\"color: #333300;\"> deber\u00e1 escribirnos.<\/span><\/strong><\/p>\n<p style=\"text-align: center;\"><strong><span style=\"color: #993300;\">No es necesario que llame.<\/span><\/strong><\/p>\n<p style=\"text-align: center;\"><img loading=\"lazy\" decoding=\"async\" class=\"caption aligncenter\" src=\"http:\/\/perlaitaliano.com.ar\/wp-content\/uploads\/2013\/12\/P1010382-1-300x225.jpg\" width=\"320\" height=\"240\"><br \/>\n<a class=\"readmore\" title=\"deptos. 2 Ambientes hospital italiano\" href=\"http:\/\/perlaitaliano.com.ar\/?page_id=5\">Ver 2 Ambientes<\/a><\/p>\n<p>La <strong><span style=\"color: #993300;\"><a style=\"color: #993300;\" title=\"Reservas alquiler temporal hospital italiano\" href=\"http:\/\/perlaitaliano.com.ar\/?page_id=22\">disponibilidad<\/a><\/span><\/strong> de cada inmueble la podr\u00e1 ver en los <strong><span style=\"color: #993300;\">calendarios<\/span><\/strong> publicados. El trato entre el locador y el locatario de los <strong><span style=\"color: #993300;\">departamentos temporarios<\/span><\/strong> es directo y sin costos de comisiones inmobiliarias, aunque hay peque\u00f1os \u00ab<span style=\"color: #333300;\">gastos administrativos<\/span>\u00bb y de \u00ab<span style=\"color: #333300;\">lavander\u00eda\u00bb<\/span> que depender\u00e1n del n\u00famero de hu\u00e9spedes y del plazo de la estad\u00eda.<\/p>\n<p style=\"text-align: center;\"><img loading=\"lazy\" decoding=\"async\" class=\"caption aligncenter\" title=\"Tarifas de Alquileres temporarios en Almagro\" src=\"http:\/\/perlaitaliano.com.ar\/wp-content\/uploads\/2013\/12\/Alquiler_Temporario_Hospital_Italiano01.jpg\" alt=\"Alquiler_Temporario_Hospital_Italiano01\" width=\"320\" height=\"240\"><br \/>\n<a class=\"readmore\" title=\"deptos. 4 Ambientes hospital italiano\" href=\"http:\/\/perlaitaliano.com.ar\/?page_id=2\">Ver 4&nbsp; Ambientes<\/a><\/p>\n<p>Los <span style=\"color: #993300;\"><a style=\"color: #993300;\" title=\"Tarifas de Alquileres temporarios en Almagro\" href=\"http:\/\/perlaitaliano.com.ar\/?page_id=12\">precios<\/a><\/span> publicados en esta p\u00e1gina corresponden a los <strong>valores diarios del alquiler<\/strong>. Y como en todos los alquileres se toma al ingresar un \u00ab<strong><span style=\"color: #993300;\">dep\u00f3sito en garant\u00eda<\/span><\/strong>\u00ab. Los pagos de la estad\u00eda, los gastos administrativos, de lavander\u00eda y el dep\u00f3sito en garant\u00eda se abonar\u00e1n en efectivo al tomar la \u00ab<strong><span style=\"color: #993300;\">posesi\u00f3n temporaria<\/span><\/strong>\u00bb del inmueble. En cambio, \u00ab<strong><span style=\"color: #993300;\">la reserva<\/span><\/strong>\u00bb se hace por transferencia o dep\u00f3sito bancario en cuenta a determinar y la misma ser\u00e1 considerada a cuenta del pago de la estad\u00eda. &nbsp;Por el momento, <span style=\"color: #008000;\"><strong>n<\/strong><strong>o tomamos pagos a trav\u00e9s de tarjetas de cr\u00e9dito<\/strong>.<\/span><\/p>\n<p><span style=\"color: #008000;\"><strong><em>Los inmuebles se alquilan en forma \u00abtemporaria\u00bb y hasta 3 meses y con fines de turismo; traslados por trabajo; consultas y atenci\u00f3n en hospitales y sanatorios cercanos y por cursos universitarios. <\/em><\/strong><\/span><span style=\"color: #993300;\"><strong><em>No se alquilan como vivienda permanente.<\/em><\/strong><\/span><\/p>\n<p>Locales ofrecidos por los titulares de los inmuebles.<\/p>\n<h3 style=\"text-align: center;\"><span style=\"color: #993300;\">Gracias por elegirnos una vez m\u00e1s.<\/span><\/h3>\n<p style=\"text-align: center;\"><a class=\"readmore\" title=\"Tarifas\" href=\"http:\/\/perlaitaliano.com.ar\/?page_id=12\">Ver Tarifas<\/a><\/p>\n","protected":false},"excerpt":{"rendered":"<p>&nbsp;Bienvenidos a PERLA ITALIANO Due\u00f1o alquila Alquileres temporarios en Almagro En este sitio Ud. podr\u00e1 encontrar dos opciones de alojamiento temporario en el tradicional barrio de Almagro de la Ciudad Aut\u00f3noma de Buenos Aires, justo enfrente a la nueva entrada principal del Hospital Italiano de Buenos Aires (sito en la calle TTe. Gral. J. D. [&hellip;]<\/p>\n","protected":false},"author":1,"featured_media":0,"parent":0,"menu_order":0,"comment_status":"closed","ping_status":"closed","template":"","meta":{"footnotes":""},"aioseo_notices":[],"_links":{"self":[{"href":"https:\/\/perlaitaliano.com.ar\/index.php?rest_route=\/wp\/v2\/pages\/16"}],"collection":[{"href":"https:\/\/perlaitaliano.com.ar\/index.php?rest_route=\/wp\/v2\/pages"}],"about":[{"href":"https:\/\/perlaitaliano.com.ar\/index.php?rest_route=\/wp\/v2\/types\/page"}],"author":[{"embeddable":true,"href":"https:\/\/perlaitaliano.com.ar\/index.php?rest_route=\/wp\/v2\/users\/1"}],"replies":[{"embeddable":true,"href":"https:\/\/perlaitaliano.com.ar\/index.php?rest_route=%2Fwp%2Fv2%2Fcomments&post=16"}],"version-history":[{"count":116,"href":"https:\/\/perlaitaliano.com.ar\/index.php?rest_route=\/wp\/v2\/pages\/16\/revisions"}],"predecessor-version":[{"id":1564,"href":"https:\/\/perlaitaliano.com.ar\/index.php?rest_route=\/wp\/v2\/pages\/16\/revisions\/1564"}],"wp:attachment":[{"href":"https:\/\/perlaitaliano.com.ar\/index.php?rest_route=%2Fwp%2Fv2%2Fmedia&parent=16"}],"curies":[{"name":"wp","href":"https:\/\/api.w.org\/{rel}","templated":true}]}}